{"id":173,"date":"2019-02-14T18:50:26","date_gmt":"2019-02-14T17:50:26","guid":{"rendered":"http:\/\/transports-laurentin.fr\/?page_id=173"},"modified":"2023-07-27T17:24:10","modified_gmt":"2023-07-27T15:24:10","slug":"politique-de-confidentialite","status":"publish","type":"page","link":"https:\/\/transports-laurentin.fr\/?page_id=173","title":{"rendered":"Politique de confidentialit\u00e9"},"content":{"rendered":"\n<h2 class=\"wp-block-heading\">Qui sommes-nous&nbsp;?<\/h2>\n\n\n\n<p>L\u2019adresse de notre site Web est&nbsp;: http:\/\/transports-laurentin.fr.<\/p>\n\n\n\n<p>SAS Laurentin Logistque si\u00e8ge social : ZAE de Beauregard 1 impasse Alessandro Volta 86190 Vouill\u00e9 \/ FRANCE &#8211; sas au capital de 160.000 Euros RCS de Poitiers SIREN 353 210 743 <\/p>\n\n\n\n<p>H\u00e9bergement OVH<\/p>\n\n\n\n<p>conception : base wordpress<\/p>\n\n\n\n<h2 class=\"wp-block-heading\">Utilisation des donn\u00e9es personnelles collect\u00e9es<\/h2>\n\n\n\n<p>Nous  ne collectons pas de donn\u00e9es autres que celles que vous nous fournissez dans notre formulaire de contact afin de r\u00e9pondre \u00e0 vos demandes<\/p>\n\n\n\n<h3 class=\"wp-block-heading\">Commentaires<\/h3>\n\n\n\n<p>Nous avons volontairement bloqu\u00e9 l&rsquo;acc\u00e8s aux commentaires afin d&rsquo;\u00e9viter la publication de vos donn\u00e9es personnelles et d&rsquo;en maitriser la confidentialit\u00e9.<\/p>\n\n\n\n<h3 class=\"wp-block-heading\">Formulaires de contact<\/h3>\n\n\n\n<p>les donn\u00e9es sont directement envoy\u00e9es (sans \u00eatre stock\u00e9es par un tiers) \u00e0 nos services via messagerie.<\/p>\n\n\n\n<p>Ces donn\u00e9es ne sont pas utilis\u00e9es \u00e0 des fins de d\u00e9marchage commercial, ni inscription newsletter,<\/p>\n\n\n\n<p>Ces donn\u00e9es sont stock\u00e9es pour la dur\u00e9e n\u00e9cessaire au traitement de votre demande et pour un maximum de 1 an.<\/p>\n\n\n\n<p>Vous poss\u00e9dez un droit de regard modification et suppression de ces donn\u00e9es en prenant simplement contact avec nous par t\u00e9l\u00e9phone ou courrier \u00e9lectronique<\/p>\n\n\n\n<h3 class=\"wp-block-heading\">Cookies<\/h3>\n\n\n\n<p><\/p>\n\n\n\n<h3 class=\"wp-block-heading\">Contenu embarqu\u00e9 depuis d\u2019autres sites<\/h3>\n\n\n\n<p>Les articles de ce site peuvent inclure des contenus int\u00e9gr\u00e9s (par exemple des vid\u00e9os, images, articles\u2026). Le contenu int\u00e9gr\u00e9 depuis d\u2019autres sites se comporte de la m\u00eame mani\u00e8re que si le visiteur se rendait sur cet autre site.<\/p>\n\n\n\n<p>Ces sites web pourraient collecter des donn\u00e9es sur vous, utiliser des cookies, embarquer des outils de suivis tiers, suivre vos interactions avec ces contenus embarqu\u00e9s si vous disposez d\u2019un compte connect\u00e9 sur leur site web.<\/p>\n\n\n\n<h3 class=\"wp-block-heading\">Statistiques et mesures d\u2019audience<\/h3>\n\n\n\n<p>une collecte d&rsquo;\u00e9l\u00e9ments \u00e0 des fins de statistiques est r\u00e9alis\u00e9e par notre h\u00e9bergeur.<\/p>\n\n\n\n<h2 class=\"wp-block-heading\">Utilisation et transmission de vos donn\u00e9es personnelles<\/h2>\n\n\n\n<h2 class=\"wp-block-heading\">Dur\u00e9es de stockage de vos donn\u00e9es<\/h2>\n\n\n\n<p>Pour les utilisateurs et utilisatrices qui prennent contact via le formulaire, vous pouvez exercer votre droit d&rsquo;acc\u00e8s rectification suppression en prenant simplement contact avec nous. Les gestionnaires du site peuvent aussi voir et modifier ces informations.<\/p>\n\n\n\n<h2 class=\"wp-block-heading\">Les droits que vous avez sur vos donn\u00e9es<\/h2>\n\n\n\n<p>Si vous avez pris contact via le formulaire, vous pouvez demander \u00e0 recevoir un fichier contenant toutes les donn\u00e9es personnelles que nous poss\u00e9dons \u00e0 votre sujet, incluant celles que vous nous avez fournies. Vous pouvez \u00e9galement demander la suppression des donn\u00e9es personnelles vous concernant. Cela ne prend pas en compte les donn\u00e9es stock\u00e9es \u00e0 des fins administratives, l\u00e9gales ou pour des raisons de s\u00e9curit\u00e9.<\/p>\n\n\n\n<h2 class=\"wp-block-heading\">Transmission de vos donn\u00e9es personnelles<\/h2>\n\n\n\n<p>Les commentaires des visiteurs peuvent \u00eatre v\u00e9rifi\u00e9s \u00e0 l\u2019aide d\u2019un service automatis\u00e9 de d\u00e9tection des commentaires ind\u00e9sirables.<\/p>\n\n\n\n<h2 class=\"wp-block-heading\">Informations de contact<\/h2>\n\n\n\n<p>SAS Laurentin Logistique <\/p>\n\n\n\n<p>si\u00e8ge social : Zone Industrielle de Beauregard 1 impasse Alessandro Volta 86190 Vouill\u00e9 \/ FRANCE &#8211; sas au capital de 160.000 Euros RCS de Poitiers SIREN 353 210 743 <\/p>\n\n\n\n<h2 class=\"wp-block-heading\">Informations suppl\u00e9mentaires<\/h2>\n\n\n\n<h3 class=\"wp-block-heading\">Comment nous prot\u00e9geons vos donn\u00e9es<\/h3>\n\n\n\n<p>donn\u00e9e envoy\u00e9es par mail s\u00e9curis\u00e9 interlocuteur unique <\/p>\n\n\n\n<h3 class=\"wp-block-heading\">Proc\u00e9dures mises en \u0153uvre en cas de fuite de donn\u00e9es<\/h3>\n\n\n\n<p>non pertinent<\/p>\n\n\n\n<h3 class=\"wp-block-heading\">Les services tiers qui nous transmettent des donn\u00e9es<\/h3>\n\n\n\n<p>non pertinent<\/p>\n\n\n\n<h3 class=\"wp-block-heading\">Op\u00e9rations de marketing automatis\u00e9 et\/ou de profilage r\u00e9alis\u00e9es \u00e0 l\u2019aide des donn\u00e9es personnelles<\/h3>\n\n\n\n<p>Nous avons d\u00e9cid\u00e9 de ne pas avoir recours \u00e0 ces pratiques<\/p>\n\n\n\n<h3 class=\"wp-block-heading\">Affichage des informations li\u00e9es aux secteurs soumis \u00e0 des r\u00e9gulations sp\u00e9cifiques<\/h3>\n","protected":false},"excerpt":{"rendered":"<p>Qui sommes-nous&nbsp;? L\u2019adresse de notre site Web est&nbsp;: http:\/\/transports-laurentin.fr. SAS Laurentin Logistque si\u00e8ge social : ZAE de Beauregard 1 impasse Alessandro Volta 86190 Vouill\u00e9 \/ FRANCE &#8211; sas au capital de 160.000 Euros RCS de Poitiers SIREN 353 210 743 H\u00e9bergement OVH conception : base wordpress Utilisation des donn\u00e9es personnelles collect\u00e9es Nous ne collectons pas &hellip; <\/p>\n<p class=\"link-more\"><a href=\"https:\/\/transports-laurentin.fr\/?page_id=173\" class=\"more-link\">Continuer la lecture<span class=\"screen-reader-text\"> de &laquo;&nbsp;Politique de confidentialit\u00e9&nbsp;&raquo;<\/span><\/a><\/p>\n","protected":false},"author":1,"featured_media":0,"parent":0,"menu_order":0,"comment_status":"closed","ping_status":"closed","template":"","meta":{"footnotes":""},"class_list":["post-173","page","type-page","status-publish","hentry"],"_links":{"self":[{"href":"https:\/\/transports-laurentin.fr\/index.php?rest_route=\/wp\/v2\/pages\/173"}],"collection":[{"href":"https:\/\/transports-laurentin.fr\/index.php?rest_route=\/wp\/v2\/pages"}],"about":[{"href":"https:\/\/transports-laurentin.fr\/index.php?rest_route=\/wp\/v2\/types\/page"}],"author":[{"embeddable":true,"href":"https:\/\/transports-laurentin.fr\/index.php?rest_route=\/wp\/v2\/users\/1"}],"replies":[{"embeddable":true,"href":"https:\/\/transports-laurentin.fr\/index.php?rest_route=%2Fwp%2Fv2%2Fcomments&post=173"}],"version-history":[{"count":5,"href":"https:\/\/transports-laurentin.fr\/index.php?rest_route=\/wp\/v2\/pages\/173\/revisions"}],"predecessor-version":[{"id":197,"href":"https:\/\/transports-laurentin.fr\/index.php?rest_route=\/wp\/v2\/pages\/173\/revisions\/197"}],"wp:attachment":[{"href":"https:\/\/transports-laurentin.fr\/index.php?rest_route=%2Fwp%2Fv2%2Fmedia&parent=173"}],"curies":[{"name":"wp","href":"https:\/\/api.w.org\/{rel}","templated":true}]}}