{"id":45,"date":"2017-02-02T08:24:47","date_gmt":"2017-02-02T07:24:47","guid":{"rendered":"http:\/\/transports-laurentin.fr\/?page_id=45"},"modified":"2019-01-31T10:34:13","modified_gmt":"2019-01-31T09:34:13","slug":"nos-plus","status":"publish","type":"page","link":"https:\/\/transports-laurentin.fr\/?page_id=45","title":{"rendered":"Chariot embarqu\u00e9"},"content":{"rendered":"<div id=\"comp-ivi79qmt\" class=\"s5\" data-reactid=\".0.$SITE_ROOT.$desktop_siteRoot.$PAGES_CONTAINER.1.1.$SITE_PAGES.$avztc.1.$comp-ivi79qmt\">\n<p>&#8211; Livraison chariot embarqu\u00e9<br \/>\nPour vos livraisons directes au domicile de vos clients ou pour des\u00a0manutentions plus pr\u00e9cises avec un <strong>service sup\u00e9rieur<\/strong>, nous pouvons \u00e0 votre demande effectuer vos livraisons avec un chariot embarqu\u00e9.<\/p>\n<p>Le chariot embarqu\u00e9 (ou kooi) permet de d\u00e9poser vos marchandises au plus pr\u00e8s de\u00a0ce que souhaite votre client.<\/p>\n<p>Nous intervenons entre autre dans les domaines : SPA, Piscine, Couverture, \u00a0Chalet, Terrasse, V\u00e9randa, Portail, Produits volumineux, pond\u00e9reux, Carport, Pergola, produits de jardin, acc\u00e8s chantiers sp\u00e9cifiques, tourn\u00e9es d\u00e9di\u00e9es multi clients etc&#8230;<\/p>\n<p><img decoding=\"async\" id=\"comp-ivi7dgtdimgimage\" style=\"font-size: 1rem;\" src=\"https:\/\/static.wixstatic.com\/media\/90dbbb_7ba49e47209b4651900d099b74a2f365~mv2_d_4096_2304_s_2.jpg\/v1\/crop\/x_204,y_0,w_3128,h_1486\/fill\/w_459,h_218,al_c,q_80,usm_0.66_1.00_0.01\/90dbbb_7ba49e47209b4651900d099b74a2f365~mv2_d_4096_2304_s_2.webp\" alt=\"\" data-reactid=\".0.$SITE_ROOT.$desktop_siteRoot.$PAGES_CONTAINER.1.1.$SITE_PAGES.$avztc.1.$comp-ivi7dgtd.0.0.$image\" \/><\/p>\n<p>Le chariot embarqu\u00e9 est une solution id\u00e9ale pour <strong>contourner les contraintes d&rsquo;acc\u00e8s et l&rsquo;absence de moyens de manutention<\/strong> sur le lieu de d\u00e9chargement, il \u00e9vite en outre la location co\u00fbteuse d&rsquo;un moyen de manutention (chariot \u00e9l\u00e9vateur ou t\u00e9lescopique).<br \/>\nIl est \u00e9vident que cette activit\u00e9 ne supporte pas l&rsquo;\u00e0 peu pr\u00e8s,\u00a0Il faut des <strong>conducteurs de qualit\u00e9 bien form\u00e9s courtois et qui poss\u00e8dent le sens de l&rsquo;initiative<\/strong> au moment de s&rsquo;adapter \u00e0 un impr\u00e9vu\u00a0sur le lieu de destination (g\u00e9n\u00e9ralement chez votre client).<\/p>\n<\/div>\n<div class=\"s5\" data-reactid=\".0.$SITE_ROOT.$desktop_siteRoot.$PAGES_CONTAINER.1.1.$SITE_PAGES.$avztc.1.$comp-ivi79qmt\">De plus par le biais de ASTRE Chariot nous avons une pr\u00e9sence g\u00e9ographique compl\u00e8te. Astre Chariot est leader Europ\u00e9en de la Livraison Directe Domicile<\/div>\n<div class=\"s5\" data-reactid=\".0.$SITE_ROOT.$desktop_siteRoot.$PAGES_CONTAINER.1.1.$SITE_PAGES.$avztc.1.$comp-ivi79qmt\">&#8211; Prise en charge des rendez-vous avec <strong>d\u00e9lai garanti<\/strong> \/ Flux logistiques ma\u00eetris\u00e9s.<br \/>\n&#8211; Un service national,\u00a0une proximit\u00e9 r\u00e9gionale R\u00e9seau de <strong>distribution en chariot embarqu\u00e9\u00a0en France et au B\u00e9n\u00e9lux.<\/strong><br \/>\n&#8211; D\u00e9lais de livraison\u00a0de 24h \u00e0 <strong>72h maximum<\/strong> au d\u00e9part de nos plateformes.<\/div>\n<div class=\"s5\" data-reactid=\".0.$SITE_ROOT.$desktop_siteRoot.$PAGES_CONTAINER.1.1.$SITE_PAGES.$avztc.1.$comp-ivi79qmt\">&#8211; Plus \u00a0de \u00a020\u00a0distributeurs locaux\u00a0250\u00a0chariots embarqu\u00e9s pour plus de 50000 livraisons par an.<\/div>\n<div class=\"s5\" data-reactid=\".0.$SITE_ROOT.$desktop_siteRoot.$PAGES_CONTAINER.1.1.$SITE_PAGES.$avztc.1.$comp-ivi79qmt\"><\/div>\n<div class=\"s5\" data-reactid=\".0.$SITE_ROOT.$desktop_siteRoot.$PAGES_CONTAINER.1.1.$SITE_PAGES.$avztc.1.$comp-ivi79qmt\">Appelez nous pour connaitre nos tarifs, possibilit\u00e9s et pour valider la disponibilit\u00e9.<\/div>\n","protected":false},"excerpt":{"rendered":"<p>&#8211; Livraison chariot embarqu\u00e9 Pour vos livraisons directes au domicile de vos clients ou pour des\u00a0manutentions plus pr\u00e9cises avec un service sup\u00e9rieur, nous pouvons \u00e0 votre demande effectuer vos livraisons avec un chariot embarqu\u00e9. Le chariot embarqu\u00e9 (ou kooi) permet de d\u00e9poser vos marchandises au plus pr\u00e8s de\u00a0ce que souhaite votre client. Nous intervenons entre &hellip; <\/p>\n<p class=\"link-more\"><a href=\"https:\/\/transports-laurentin.fr\/?page_id=45\" class=\"more-link\">Continuer la lecture<span class=\"screen-reader-text\"> de &laquo;&nbsp;Chariot embarqu\u00e9&nbsp;&raquo;<\/span><\/a><\/p>\n","protected":false},"author":1,"featured_media":0,"parent":0,"menu_order":3,"comment_status":"closed","ping_status":"closed","template":"","meta":{"footnotes":""},"class_list":["post-45","page","type-page","status-publish","hentry"],"_links":{"self":[{"href":"https:\/\/transports-laurentin.fr\/index.php?rest_route=\/wp\/v2\/pages\/45"}],"collection":[{"href":"https:\/\/transports-laurentin.fr\/index.php?rest_route=\/wp\/v2\/pages"}],"about":[{"href":"https:\/\/transports-laurentin.fr\/index.php?rest_route=\/wp\/v2\/types\/page"}],"author":[{"embeddable":true,"href":"https:\/\/transports-laurentin.fr\/index.php?rest_route=\/wp\/v2\/users\/1"}],"replies":[{"embeddable":true,"href":"https:\/\/transports-laurentin.fr\/index.php?rest_route=%2Fwp%2Fv2%2Fcomments&post=45"}],"version-history":[{"count":11,"href":"https:\/\/transports-laurentin.fr\/index.php?rest_route=\/wp\/v2\/pages\/45\/revisions"}],"predecessor-version":[{"id":187,"href":"https:\/\/transports-laurentin.fr\/index.php?rest_route=\/wp\/v2\/pages\/45\/revisions\/187"}],"wp:attachment":[{"href":"https:\/\/transports-laurentin.fr\/index.php?rest_route=%2Fwp%2Fv2%2Fmedia&parent=45"}],"curies":[{"name":"wp","href":"https:\/\/api.w.org\/{rel}","templated":true}]}}