{"id":7,"date":"2017-02-01T15:16:38","date_gmt":"2017-02-01T14:16:38","guid":{"rendered":"http:\/\/transports-laurentin.fr\/?page_id=7"},"modified":"2023-01-04T11:14:53","modified_gmt":"2023-01-04T10:14:53","slug":"accueil","status":"publish","type":"page","link":"https:\/\/transports-laurentin.fr\/","title":{"rendered":"Accueil"},"content":{"rendered":"<p>Bienvenue sur le\u00a0site des transports Laurentin !<\/p>\n<p>Transporteur de la r\u00e9gion de Poitiers (86 Vienne) sp\u00e9cialiste chariot embarqu\u00e9, location avec chauffeur, messagerie palettis\u00e9e France \/ Europe par Palet system, mati\u00e8re dangereuse ADR, express, logistique etc&#8230;<\/p>\n<p>Adh\u00e9rent actif du r\u00e9seau de transporteurs europ\u00e9ens ASTRE.<\/p>\n<p><img loading=\"lazy\" decoding=\"async\" class=\"wp-image-194 size-medium aligncenter\" src=\"http:\/\/transports-laurentin.fr\/wp-content\/uploads\/2023\/01\/logo-astre2022-300x194.png\" alt=\"\" width=\"300\" height=\"194\" srcset=\"https:\/\/transports-laurentin.fr\/wp-content\/uploads\/2023\/01\/logo-astre2022-300x194.png 300w, https:\/\/transports-laurentin.fr\/wp-content\/uploads\/2023\/01\/logo-astre2022-1024x663.png 1024w, https:\/\/transports-laurentin.fr\/wp-content\/uploads\/2023\/01\/logo-astre2022-768x497.png 768w, https:\/\/transports-laurentin.fr\/wp-content\/uploads\/2023\/01\/logo-astre2022.png 1415w\" sizes=\"(max-width: 300px) 100vw, 300px\" \/><\/p>\n","protected":false},"excerpt":{"rendered":"<p>Bienvenue sur le\u00a0site des transports Laurentin ! Transporteur de la r\u00e9gion de Poitiers (86 Vienne) sp\u00e9cialiste chariot embarqu\u00e9, location avec chauffeur, messagerie palettis\u00e9e France \/ Europe par Palet system, mati\u00e8re dangereuse ADR, express, logistique etc&#8230; Adh\u00e9rent actif du r\u00e9seau de transporteurs europ\u00e9ens ASTRE.<\/p>\n","protected":false},"author":1,"featured_media":0,"parent":0,"menu_order":0,"comment_status":"closed","ping_status":"closed","template":"","meta":{"footnotes":""},"class_list":["post-7","page","type-page","status-publish","hentry"],"_links":{"self":[{"href":"https:\/\/transports-laurentin.fr\/index.php?rest_route=\/wp\/v2\/pages\/7"}],"collection":[{"href":"https:\/\/transports-laurentin.fr\/index.php?rest_route=\/wp\/v2\/pages"}],"about":[{"href":"https:\/\/transports-laurentin.fr\/index.php?rest_route=\/wp\/v2\/types\/page"}],"author":[{"embeddable":true,"href":"https:\/\/transports-laurentin.fr\/index.php?rest_route=\/wp\/v2\/users\/1"}],"replies":[{"embeddable":true,"href":"https:\/\/transports-laurentin.fr\/index.php?rest_route=%2Fwp%2Fv2%2Fcomments&post=7"}],"version-history":[{"count":11,"href":"https:\/\/transports-laurentin.fr\/index.php?rest_route=\/wp\/v2\/pages\/7\/revisions"}],"predecessor-version":[{"id":196,"href":"https:\/\/transports-laurentin.fr\/index.php?rest_route=\/wp\/v2\/pages\/7\/revisions\/196"}],"wp:attachment":[{"href":"https:\/\/transports-laurentin.fr\/index.php?rest_route=%2Fwp%2Fv2%2Fmedia&parent=7"}],"curies":[{"name":"wp","href":"https:\/\/api.w.org\/{rel}","templated":true}]}}