{"id":73,"date":"2017-02-02T09:33:54","date_gmt":"2017-02-02T08:33:54","guid":{"rendered":"http:\/\/transports-laurentin.fr\/?page_id=73"},"modified":"2021-01-11T09:46:39","modified_gmt":"2021-01-11T08:46:39","slug":"location-avec-chauffeur","status":"publish","type":"page","link":"https:\/\/transports-laurentin.fr\/?page_id=73","title":{"rendered":"Location avec chauffeur"},"content":{"rendered":"<p>&#8211; Location avec chauffeur<br \/>\nLes Transports LAURENTIN vous proposent la location de camions avec chauffeur.<br \/>\nLa recherche permanente, de sources de productivit\u00e9 et de baisse des co\u00fbts, am\u00e8ne les entreprises \u00e0 <strong>externaliser les op\u00e9rations de transport et de logistique.<\/strong><br \/>\nLes Transports LAURENTIN, gr\u00e2ce \u00e0 leur r\u00e9activit\u00e9 et leur adaptabilit\u00e9, savent se conformer aux besoins et \u00e0 la sp\u00e9cificit\u00e9 de votre entreprise (couleurs, publicit\u00e9, produits, culture d&rsquo;entreprise).<br \/>\nVotre contrat personnalis\u00e9, adapt\u00e9 \u00e0 vos besoins, 20 sp\u00e9cificit\u00e9s m\u00e9tiers qui prennent en compte des besoins mat\u00e9riels diff\u00e9rents.<br \/>\nLa ma\u00eetrise dans tous les secteurs d\u2019activit\u00e9s, des professionnels \u00e0 votre service ayant une v\u00e9ritable connaissance du mat\u00e9riel et du m\u00e9tier.<\/p>\n<p><img loading=\"lazy\" decoding=\"async\" class=\"alignnone wp-image-104\" src=\"http:\/\/transports-laurentin.fr\/wp-content\/uploads\/2017\/02\/DSC_0270-300x105.jpg\" alt=\"\" width=\"417\" height=\"146\" srcset=\"https:\/\/transports-laurentin.fr\/wp-content\/uploads\/2017\/02\/DSC_0270-300x105.jpg 300w, https:\/\/transports-laurentin.fr\/wp-content\/uploads\/2017\/02\/DSC_0270-768x269.jpg 768w, https:\/\/transports-laurentin.fr\/wp-content\/uploads\/2017\/02\/DSC_0270-1024x358.jpg 1024w, https:\/\/transports-laurentin.fr\/wp-content\/uploads\/2017\/02\/DSC_0270.jpg 1600w\" sizes=\"(max-width: 417px) 100vw, 417px\" \/><\/p>\n<p>Une capacit\u00e9 \u00e0 <strong>mutualiser comp\u00e9tences, mat\u00e9riels et moyens financiers.<\/strong><br \/>\nLe professionnalisme : une main d\u2019\u0153uvre qualifi\u00e9e et la polyvalence de comp\u00e9tences.<br \/>\nUn interlocuteur d\u00e9di\u00e9 pour une gestion quotidienne r\u00e9active.<\/p>\n<p>L&rsquo;externalisation de v\u00e9hicules + conducteurs, vous d\u00e9gage des contraintes mat\u00e9rielles (achat et choix du v\u00e9hicule, entretien, mise aux normes, connaissance etc&#8230;) et sociales (gestion du personnel de conduite, formation, planning, horaires&#8230;)<\/p>\n<p>Types de v\u00e9hicules<br \/>\nPorteur, ensemble semi-remorque, porteur grue, camion-remorque porte<br \/>\ncaisse mobile, porteur \u00ab gaz \u00bb, citerne, plateau, benne c\u00e9r\u00e9ali\u00e8re, benne TP, fond mouvant (FMA), grand volume, ensemble semi-remorque<br \/>\navec chariot embarqu\u00e9, porteur sp\u00e9cifique, toupie b\u00e9ton\u2026<\/p>\n","protected":false},"excerpt":{"rendered":"<p>&#8211; Location avec chauffeur Les Transports LAURENTIN vous proposent la location de camions avec chauffeur. La recherche permanente, de sources de productivit\u00e9 et de baisse des co\u00fbts, am\u00e8ne les entreprises \u00e0 externaliser les op\u00e9rations de transport et de logistique. Les Transports LAURENTIN, gr\u00e2ce \u00e0 leur r\u00e9activit\u00e9 et leur adaptabilit\u00e9, savent se conformer aux besoins et &hellip; <\/p>\n<p class=\"link-more\"><a href=\"https:\/\/transports-laurentin.fr\/?page_id=73\" class=\"more-link\">Continuer la lecture<span class=\"screen-reader-text\"> de &laquo;&nbsp;Location avec chauffeur&nbsp;&raquo;<\/span><\/a><\/p>\n","protected":false},"author":1,"featured_media":0,"parent":0,"menu_order":0,"comment_status":"closed","ping_status":"closed","template":"","meta":{"footnotes":""},"class_list":["post-73","page","type-page","status-publish","hentry"],"_links":{"self":[{"href":"https:\/\/transports-laurentin.fr\/index.php?rest_route=\/wp\/v2\/pages\/73"}],"collection":[{"href":"https:\/\/transports-laurentin.fr\/index.php?rest_route=\/wp\/v2\/pages"}],"about":[{"href":"https:\/\/transports-laurentin.fr\/index.php?rest_route=\/wp\/v2\/types\/page"}],"author":[{"embeddable":true,"href":"https:\/\/transports-laurentin.fr\/index.php?rest_route=\/wp\/v2\/users\/1"}],"replies":[{"embeddable":true,"href":"https:\/\/transports-laurentin.fr\/index.php?rest_route=%2Fwp%2Fv2%2Fcomments&post=73"}],"version-history":[{"count":5,"href":"https:\/\/transports-laurentin.fr\/index.php?rest_route=\/wp\/v2\/pages\/73\/revisions"}],"predecessor-version":[{"id":185,"href":"https:\/\/transports-laurentin.fr\/index.php?rest_route=\/wp\/v2\/pages\/73\/revisions\/185"}],"wp:attachment":[{"href":"https:\/\/transports-laurentin.fr\/index.php?rest_route=%2Fwp%2Fv2%2Fmedia&parent=73"}],"curies":[{"name":"wp","href":"https:\/\/api.w.org\/{rel}","templated":true}]}}