{"id":8,"date":"2017-02-01T15:16:38","date_gmt":"2017-02-01T14:16:38","guid":{"rendered":"http:\/\/transports-laurentin.fr\/?page_id=8"},"modified":"2019-01-25T10:01:21","modified_gmt":"2019-01-25T09:01:21","slug":"a-propos-de","status":"publish","type":"page","link":"https:\/\/transports-laurentin.fr\/?page_id=8","title":{"rendered":"Pr\u00e9sentation"},"content":{"rendered":"<article id=\"panel1\" class=\"twentyseventeen-panel  post-11 page type-page status-publish hentry\">\n<div class=\"panel-content\">\n<div class=\"wrap\">\n<div class=\"entry-content\">\n<p class=\"font_2\">La soci\u00e9t\u00e9 LAURENTIN a \u00e9t\u00e9 cr\u00e9\u00e9e en 1975. Elle s\u2019est d\u00e9velopp\u00e9e r\u00e9guli\u00e8rement et fait maintenant partie du groupement ASTRE.<\/p>\n<p class=\"font_8\"><span class=\"wixGuard\">\u200b<\/span>Sp\u00e9cialiste du transport de marchandises industrielles en envoi partiel isol\u00e9, en groupage ou en complet sur toute la France et l\u2019Europe.<\/p>\n<p class=\"font_8\">\u2013 Nos locaux&nbsp;se situent \u00e0 Ayron (86) sur la RN 149 entre Poitiers et Parthenay. Notre&nbsp;\u00e9quipe compte 60 salari\u00e9s qui se r\u00e9partissent de la mani\u00e8re suivante :<br \/>\n\u2013 Chauffeurs&nbsp;: 50<\/p>\n<p class=\"font_8\">\u2013 Administratifs \/ Exploitation 10.<\/p>\n<\/div>\n<\/div>\n<\/div>\n<\/article>\n<article id=\"panel2\" class=\"twentyseventeen-panel  post-8 page type-page status-publish hentry\">\n<p class=\"panel-content\">\n<\/article>\n","protected":false},"excerpt":{"rendered":"<p>La soci\u00e9t\u00e9 LAURENTIN a \u00e9t\u00e9 cr\u00e9\u00e9e en 1975. Elle s\u2019est d\u00e9velopp\u00e9e r\u00e9guli\u00e8rement et fait maintenant partie du groupement ASTRE. \u200bSp\u00e9cialiste du transport de marchandises industrielles en envoi partiel isol\u00e9, en groupage ou en complet sur toute la France et l\u2019Europe. \u2013 Nos locaux&nbsp;se situent \u00e0 Ayron (86) sur la RN 149 entre Poitiers et Parthenay. &hellip; <\/p>\n<p class=\"link-more\"><a href=\"https:\/\/transports-laurentin.fr\/?page_id=8\" class=\"more-link\">Continuer la lecture<span class=\"screen-reader-text\"> de &laquo;&nbsp;Pr\u00e9sentation&nbsp;&raquo;<\/span><\/a><\/p>\n","protected":false},"author":1,"featured_media":0,"parent":0,"menu_order":0,"comment_status":"closed","ping_status":"closed","template":"","meta":{"footnotes":""},"class_list":["post-8","page","type-page","status-publish","hentry"],"_links":{"self":[{"href":"https:\/\/transports-laurentin.fr\/index.php?rest_route=\/wp\/v2\/pages\/8"}],"collection":[{"href":"https:\/\/transports-laurentin.fr\/index.php?rest_route=\/wp\/v2\/pages"}],"about":[{"href":"https:\/\/transports-laurentin.fr\/index.php?rest_route=\/wp\/v2\/types\/page"}],"author":[{"embeddable":true,"href":"https:\/\/transports-laurentin.fr\/index.php?rest_route=\/wp\/v2\/users\/1"}],"replies":[{"embeddable":true,"href":"https:\/\/transports-laurentin.fr\/index.php?rest_route=%2Fwp%2Fv2%2Fcomments&post=8"}],"version-history":[{"count":4,"href":"https:\/\/transports-laurentin.fr\/index.php?rest_route=\/wp\/v2\/pages\/8\/revisions"}],"predecessor-version":[{"id":160,"href":"https:\/\/transports-laurentin.fr\/index.php?rest_route=\/wp\/v2\/pages\/8\/revisions\/160"}],"wp:attachment":[{"href":"https:\/\/transports-laurentin.fr\/index.php?rest_route=%2Fwp%2Fv2%2Fmedia&parent=8"}],"curies":[{"name":"wp","href":"https:\/\/api.w.org\/{rel}","templated":true}]}}